{"id":1198,"date":"2012-01-10T11:13:41","date_gmt":"2012-01-10T10:13:41","guid":{"rendered":"http:\/\/www.hczm.sk\/?page_id=1198"},"modified":"2012-02-27T07:46:09","modified_gmt":"2012-02-27T06:46:09","slug":"ahl","status":"publish","type":"page","link":"https:\/\/www.hczm.sk\/?page_id=1198","title":{"rendered":"AHL"},"content":{"rendered":"<h1><a href=\"http:\/\/www.hczm.sk\/?page_id=653\" target=\"_blank\">AHL \u2013 18.12.2011 HK 63 S\u013ea\u017eany 4 : 6 HK Medvede Hos\u0165ovce<\/a><\/h1>\n<h1><a href=\"http:\/\/www.hczm.sk\/?page_id=1227\" target=\"_blank\"><strong>AHL &#8211; 08.01.2012 HK 63 S\u013ea\u017eany 4 : 3 HC Zlat\u00e9 Moravce B<\/strong><\/a><\/h1>\n<p><a href=\"http:\/\/www.hczm.sk\/?page_id=2044\" target=\"_blank\"><strong>AHL &#8211; Vyhodnotenie ro\u010dn\u00edka 2011\/2012<\/strong><\/a><\/p>\n<p>&nbsp;<\/p>\n<p>&nbsp;<\/p>\n<p>&nbsp;<\/p>\n<p>&nbsp;<\/p>\n<p>&nbsp;<\/p>\n<p>&nbsp;<\/p>\n<p>&nbsp;<\/p>\n","protected":false},"excerpt":{"rendered":"<p>AHL \u2013 18.12.2011 HK 63 S\u013ea\u017eany 4 : 6 HK Medvede Hos\u0165ovce AHL &#8211; 08.01.2012 HK 63 S\u013ea\u017eany 4 : 3 HC Zlat\u00e9 Moravce B AHL &#8211; Vyhodnotenie ro\u010dn\u00edka 2011\/2012 &nbsp; &nbsp; &nbsp; &nbsp; &nbsp; &nbsp; &nbsp;<\/p>\n","protected":false},"author":3,"featured_media":0,"parent":1192,"menu_order":1,"comment_status":"open","ping_status":"open","template":"","meta":{"footnotes":""},"class_list":["post-1198","page","type-page","status-publish","hentry"],"_links":{"self":[{"href":"https:\/\/www.hczm.sk\/index.php?rest_route=\/wp\/v2\/pages\/1198","targetHints":{"allow":["GET"]}}],"collection":[{"href":"https:\/\/www.hczm.sk\/index.php?rest_route=\/wp\/v2\/pages"}],"about":[{"href":"https:\/\/www.hczm.sk\/index.php?rest_route=\/wp\/v2\/types\/page"}],"author":[{"embeddable":true,"href":"https:\/\/www.hczm.sk\/index.php?rest_route=\/wp\/v2\/users\/3"}],"replies":[{"embeddable":true,"href":"https:\/\/www.hczm.sk\/index.php?rest_route=%2Fwp%2Fv2%2Fcomments&post=1198"}],"version-history":[{"count":9,"href":"https:\/\/www.hczm.sk\/index.php?rest_route=\/wp\/v2\/pages\/1198\/revisions"}],"predecessor-version":[{"id":2066,"href":"https:\/\/www.hczm.sk\/index.php?rest_route=\/wp\/v2\/pages\/1198\/revisions\/2066"}],"up":[{"embeddable":true,"href":"https:\/\/www.hczm.sk\/index.php?rest_route=\/wp\/v2\/pages\/1192"}],"wp:attachment":[{"href":"https:\/\/www.hczm.sk\/index.php?rest_route=%2Fwp%2Fv2%2Fmedia&parent=1198"}],"curies":[{"name":"wp","href":"https:\/\/api.w.org\/{rel}","templated":true}]}}