{"id":1200,"date":"2012-01-10T11:14:56","date_gmt":"2012-01-10T10:14:56","guid":{"rendered":"http:\/\/www.hczm.sk\/?page_id=1200"},"modified":"2012-03-11T18:57:25","modified_gmt":"2012-03-11T17:57:25","slug":"ziaci","status":"publish","type":"page","link":"https:\/\/www.hczm.sk\/?page_id=1200","title":{"rendered":"\u017dIACI"},"content":{"rendered":"<h1><a href=\"..\/?page_id=827\" target=\"_blank\">II.Liga \u017eiaci \u2013 23.12.2011 Hlohovec 6:6 HCZM<\/a> Prezera\u0165: <a href=\"http:\/\/youtu.be\/C6-sdsyhn0s\" target=\"_blank\">video I.<\/a> <a href=\"http:\/\/youtu.be\/ICjUK2OX-wM\" target=\"_blank\">video II.<\/a><\/h1>\n<p><strong><a href=\"..\/?page_id=989\" target=\"_blank\">II.Liga \u017diaci- 03.01.2012 HCZM 3:7 Tur\u010dianske Teplice<\/a><\/strong><\/p>\n<h1><a href=\"..\/?page_id=1117\" target=\"_blank\">II.Liga \u017diaci \u2013 07.01.2012 HCZM 24:2 B\u00e1novce nad Bebravou<\/a> Prezera\u0165: <a href=\"http:\/\/www.youtube.com\/watch?v=ZUpt6Ap7f0E&amp;feature=youtu.be\" target=\"_blank\">video 7x<\/a><\/h1>\n<p><a href=\"http:\/\/www.hczm.sk\/?page_id=1322\" target=\"_blank\"><strong>II.Liga \u017diaci &#8211; 14.01.2012 HCZM 5:5 Hlohovec<\/strong><\/a><br \/>\n<a href=\"http:\/\/www.hczm.sk\/?page_id=1465\" target=\"_blank\"><strong>II.Liga \u017diaci \u2013 21.01.2012 TurTeplice 9:7 HCZM<\/strong><\/a><\/p>\n<h1><a href=\"http:\/\/www.hczm.sk\/?page_id=1630\" target=\"_blank\">II.Liga \u017diaci \u2013 28.01.2012 B\u00e1novce n\/B 5:13 HCZM<\/a><\/h1>\n<p><a href=\"http:\/\/www.hczm.sk\/?page_id=2263\" target=\"_blank\"><strong>Priate\u013esk\u00e9 stretnutie &#8211; 09.03.2012 HCZM 3:7 SLOVAN Moravsk\u00e1 T\u0159ebov\u00e1<\/strong><\/a><a href=\"http:\/\/www.hczm.sk\/?page_id=2310\" target=\"_blank\"><strong>Priate\u013esk\u00e9 stretnutie &#8211; 11.03.2012 HKM\u017d Zvolen 10:7 HCZM<\/strong><\/a><\/p>\n<p>&nbsp;<\/p>\n<p>&nbsp;<\/p>\n<p>&nbsp;<\/p>\n<p>&nbsp;<\/p>\n<p>&nbsp;<\/p>\n<p>&nbsp;<\/p>\n<p>&nbsp;<\/p>\n<p>&nbsp;<\/p>\n<p>&nbsp;<\/p>\n<p>&nbsp;<\/p>\n<p>&nbsp;<\/p>\n<p>&nbsp;<\/p>\n<p>&nbsp;<\/p>\n<p>&nbsp;<\/p>\n<p>&nbsp;<\/p>\n","protected":false},"excerpt":{"rendered":"<p>II.Liga \u017eiaci \u2013 23.12.2011 Hlohovec 6:6 HCZM Prezera\u0165: video I. video II. II.Liga \u017diaci- 03.01.2012 HCZM 3:7 Tur\u010dianske Teplice II.Liga \u017diaci \u2013 07.01.2012 HCZM 24:2 B\u00e1novce nad Bebravou Prezera\u0165: video 7x II.Liga \u017diaci &#8211; 14.01.2012 HCZM 5:5 Hlohovec II.Liga \u017diaci &hellip; <a href=\"https:\/\/www.hczm.sk\/?page_id=1200\">Pokra\u010dova\u0165 v \u010d\u00edtan\u00ed <span class=\"meta-nav\">&rarr;<\/span><\/a><\/p>\n","protected":false},"author":3,"featured_media":0,"parent":1192,"menu_order":2,"comment_status":"open","ping_status":"open","template":"","meta":{"footnotes":""},"class_list":["post-1200","page","type-page","status-publish","hentry"],"_links":{"self":[{"href":"https:\/\/www.hczm.sk\/index.php?rest_route=\/wp\/v2\/pages\/1200","targetHints":{"allow":["GET"]}}],"collection":[{"href":"https:\/\/www.hczm.sk\/index.php?rest_route=\/wp\/v2\/pages"}],"about":[{"href":"https:\/\/www.hczm.sk\/index.php?rest_route=\/wp\/v2\/types\/page"}],"author":[{"embeddable":true,"href":"https:\/\/www.hczm.sk\/index.php?rest_route=\/wp\/v2\/users\/3"}],"replies":[{"embeddable":true,"href":"https:\/\/www.hczm.sk\/index.php?rest_route=%2Fwp%2Fv2%2Fcomments&post=1200"}],"version-history":[{"count":21,"href":"https:\/\/www.hczm.sk\/index.php?rest_route=\/wp\/v2\/pages\/1200\/revisions"}],"predecessor-version":[{"id":2423,"href":"https:\/\/www.hczm.sk\/index.php?rest_route=\/wp\/v2\/pages\/1200\/revisions\/2423"}],"up":[{"embeddable":true,"href":"https:\/\/www.hczm.sk\/index.php?rest_route=\/wp\/v2\/pages\/1192"}],"wp:attachment":[{"href":"https:\/\/www.hczm.sk\/index.php?rest_route=%2Fwp%2Fv2%2Fmedia&parent=1200"}],"curies":[{"name":"wp","href":"https:\/\/api.w.org\/{rel}","templated":true}]}}