{"id":1202,"date":"2012-01-10T11:15:53","date_gmt":"2012-01-10T10:15:53","guid":{"rendered":"http:\/\/www.hczm.sk\/?page_id=1202"},"modified":"2012-03-19T06:47:29","modified_gmt":"2012-03-19T05:47:29","slug":"pred-pripravka","status":"publish","type":"page","link":"https:\/\/www.hczm.sk\/?page_id=1202","title":{"rendered":"PRED-PR\u00cdPRAVKA"},"content":{"rendered":"<p><span style=\"color: #3366ff;\"><strong>Tr\u00e9ning na \u013eade v Leviciach<\/strong><\/span><\/p>\n<p><strong><a href=\"..\/?page_id=958\" target=\"_blank\">II.Liga Pr\u00edpravka \u2013 03.01.2012 HCZM 3:7 Tur\u010dianske Teplice<\/a><\/strong><\/p>\n<h1><a href=\"..\/?page_id=1063\" target=\"_blank\">Priate\u013esk\u00fd z\u00e1pas Pr\u00edpravka \u2013 07.01.2012 HCZM 7:5 B\u00e1novce nad Bebravou<\/a><\/h1>\n<p><strong><a href=\"http:\/\/www.hczm.sk\/?page_id=1423\" target=\"_blank\">II.Liga Pr\u00edpravka &#8211; 21.01.2012 TurTeplice 14:2 HCZM<\/a><\/strong><\/p>\n<p><a href=\"http:\/\/www.hczm.sk\/?page_id=1524\" target=\"_blank\"><strong>II.Liga Pr\u00edpravka &#8211; 28.01.2012 B\u00e1novce n\/B 6:12 HCZM<\/strong><\/a><\/p>\n<p><a href=\"http:\/\/www.hczm.sk\/?page_id=1827\" target=\"_blank\"><strong>II.Liga Pr\u00edpravka \u2013 11.02.2012 HCZM 6:9 Tur\u010dianske Teplice<\/strong><\/a><\/p>\n<h1><a href=\"http:\/\/www.hczm.sk\/?page_id=1905\" target=\"_blank\">II.Liga Pr\u00edpravka \u2013 18.02.2012 HCZM : B\u00e1novce nad Bebravou<\/a><\/h1>\n<p><a href=\"http:\/\/www.hczm.sk\/?page_id=1955\" target=\"_blank\"><strong>Turnaj v Partiz\u00e1nskom &#8211; 19.02.2012<\/strong><\/a><\/p>\n<p><a href=\"http:\/\/www.hczm.sk\/?page_id=2453\" target=\"_blank\"><strong>Turnaj v Zlat\u00fdch Moravciach &#8211; 10.03.2012<\/strong><\/a><\/p>\n<p><a href=\"http:\/\/www.hczm.sk\/?page_id=2438\" target=\"_blank\"><span style=\"color: #3366ff;\"><strong>Turnaj v Leviciach &#8211; 18.03.2012<\/strong><\/span><\/a><\/p>\n<p>&nbsp;<\/p>\n<p>&nbsp;<\/p>\n","protected":false},"excerpt":{"rendered":"<p>Tr\u00e9ning na \u013eade v Leviciach II.Liga Pr\u00edpravka \u2013 03.01.2012 HCZM 3:7 Tur\u010dianske Teplice Priate\u013esk\u00fd z\u00e1pas Pr\u00edpravka \u2013 07.01.2012 HCZM 7:5 B\u00e1novce nad Bebravou II.Liga Pr\u00edpravka &#8211; 21.01.2012 TurTeplice 14:2 HCZM II.Liga Pr\u00edpravka &#8211; 28.01.2012 B\u00e1novce n\/B 6:12 HCZM II.Liga Pr\u00edpravka &hellip; <a href=\"https:\/\/www.hczm.sk\/?page_id=1202\">Pokra\u010dova\u0165 v \u010d\u00edtan\u00ed <span class=\"meta-nav\">&rarr;<\/span><\/a><\/p>\n","protected":false},"author":3,"featured_media":0,"parent":1192,"menu_order":3,"comment_status":"open","ping_status":"open","template":"","meta":{"footnotes":""},"class_list":["post-1202","page","type-page","status-publish","hentry"],"_links":{"self":[{"href":"https:\/\/www.hczm.sk\/index.php?rest_route=\/wp\/v2\/pages\/1202","targetHints":{"allow":["GET"]}}],"collection":[{"href":"https:\/\/www.hczm.sk\/index.php?rest_route=\/wp\/v2\/pages"}],"about":[{"href":"https:\/\/www.hczm.sk\/index.php?rest_route=\/wp\/v2\/types\/page"}],"author":[{"embeddable":true,"href":"https:\/\/www.hczm.sk\/index.php?rest_route=\/wp\/v2\/users\/3"}],"replies":[{"embeddable":true,"href":"https:\/\/www.hczm.sk\/index.php?rest_route=%2Fwp%2Fv2%2Fcomments&post=1202"}],"version-history":[{"count":27,"href":"https:\/\/www.hczm.sk\/index.php?rest_route=\/wp\/v2\/pages\/1202\/revisions"}],"predecessor-version":[{"id":2463,"href":"https:\/\/www.hczm.sk\/index.php?rest_route=\/wp\/v2\/pages\/1202\/revisions\/2463"}],"up":[{"embeddable":true,"href":"https:\/\/www.hczm.sk\/index.php?rest_route=\/wp\/v2\/pages\/1192"}],"wp:attachment":[{"href":"https:\/\/www.hczm.sk\/index.php?rest_route=%2Fwp%2Fv2%2Fmedia&parent=1202"}],"curies":[{"name":"wp","href":"https:\/\/api.w.org\/{rel}","templated":true}]}}