{"id":136,"date":"2011-11-16T13:05:37","date_gmt":"2011-11-16T13:05:37","guid":{"rendered":"http:\/\/www.hczm.sk\/?page_id=136"},"modified":"2024-01-22T20:18:22","modified_gmt":"2024-01-22T19:18:22","slug":"manazment","status":"publish","type":"page","link":"https:\/\/www.hczm.sk\/?page_id=136","title":{"rendered":"MANA\u017dMENT"},"content":{"rendered":"\n<p><strong>V\u00fdbor:<\/strong><\/p>\n\n\n\n<p>Marian P\u00e1nik &#8211; prezident klubu,\u00a0 tel. 0915 722 052<br>Branislav Bartek &#8211; viceprezident klubu, tel. 0905 309 404<br>Radoslav L\u00f6bb &#8211; mana\u017e\u00e9r klubu, tel. 0911 031 654<br>Jozef \u0160vec<br>Vladim\u00edr Kytka<br>Veronika L\u00f6bbov\u00e1<br>Mat\u00fa\u0161 P\u00e1nik<br>Mari\u00e1n Barto\u0161<br>Peter Repka<\/p>\n\n\n\n<p><strong>email:&nbsp;<\/strong> hczm@hczm.sk<\/p>\n","protected":false},"excerpt":{"rendered":"<p>V\u00fdbor: Marian P\u00e1nik &#8211; prezident klubu,\u00a0 tel. 0915 722 052Branislav Bartek &#8211; viceprezident klubu, tel. 0905 309 404Radoslav L\u00f6bb &#8211; mana\u017e\u00e9r klubu, tel. 0911 031 654Jozef \u0160vecVladim\u00edr KytkaVeronika L\u00f6bbov\u00e1Mat\u00fa\u0161 P\u00e1nikMari\u00e1n Barto\u0161Peter Repka email:&nbsp; hczm@hczm.sk<\/p>\n","protected":false},"author":1,"featured_media":0,"parent":131,"menu_order":1,"comment_status":"closed","ping_status":"closed","template":"","meta":{"footnotes":""},"class_list":["post-136","page","type-page","status-publish","hentry"],"_links":{"self":[{"href":"https:\/\/www.hczm.sk\/index.php?rest_route=\/wp\/v2\/pages\/136","targetHints":{"allow":["GET"]}}],"collection":[{"href":"https:\/\/www.hczm.sk\/index.php?rest_route=\/wp\/v2\/pages"}],"about":[{"href":"https:\/\/www.hczm.sk\/index.php?rest_route=\/wp\/v2\/types\/page"}],"author":[{"embeddable":true,"href":"https:\/\/www.hczm.sk\/index.php?rest_route=\/wp\/v2\/users\/1"}],"replies":[{"embeddable":true,"href":"https:\/\/www.hczm.sk\/index.php?rest_route=%2Fwp%2Fv2%2Fcomments&post=136"}],"version-history":[{"count":30,"href":"https:\/\/www.hczm.sk\/index.php?rest_route=\/wp\/v2\/pages\/136\/revisions"}],"predecessor-version":[{"id":10214,"href":"https:\/\/www.hczm.sk\/index.php?rest_route=\/wp\/v2\/pages\/136\/revisions\/10214"}],"up":[{"embeddable":true,"href":"https:\/\/www.hczm.sk\/index.php?rest_route=\/wp\/v2\/pages\/131"}],"wp:attachment":[{"href":"https:\/\/www.hczm.sk\/index.php?rest_route=%2Fwp%2Fv2%2Fmedia&parent=136"}],"curies":[{"name":"wp","href":"https:\/\/api.w.org\/{rel}","templated":true}]}}