{"id":2438,"date":"2012-03-19T06:34:32","date_gmt":"2012-03-19T05:34:32","guid":{"rendered":"http:\/\/www.hczm.sk\/?page_id=2438"},"modified":"2012-03-19T06:49:39","modified_gmt":"2012-03-19T05:49:39","slug":"turnaj-tretiakov-levice","status":"publish","type":"page","link":"https:\/\/www.hczm.sk\/?page_id=2438","title":{"rendered":"Turnaj tretiakov Levice"},"content":{"rendered":"<p>V nede\u013eu 18.03.2012 sa na\u0161i hr\u00e1\u010di tret\u00edch ro\u010dn\u00edkov a mlad\u0161\u00ed z\u00fa\u010dastnili turnaja v Leviciach. Odohrali 3 z\u00e1pasy, z \u010doho jeden vyhrali a dva prehrali.<\/p>\n<p>Kone\u010dn\u00e9 poradie: 1.HK Brezno 2.HK Levice 3. HC Zlat\u00e9 Moravce 4. Iskra Partiz\u00e1nske\n\t\t<style type=\"text\/css\">\n\t\t\t#gallery-1 {\n\t\t\t\tmargin: auto;\n\t\t\t}\n\t\t\t#gallery-1 .gallery-item {\n\t\t\t\tfloat: left;\n\t\t\t\tmargin-top: 10px;\n\t\t\t\ttext-align: center;\n\t\t\t\twidth: 25%;\n\t\t\t}\n\t\t\t#gallery-1 img {\n\t\t\t\tborder: 2px solid #cfcfcf;\n\t\t\t}\n\t\t\t#gallery-1 .gallery-caption {\n\t\t\t\tmargin-left: 0;\n\t\t\t}\n\t\t\t\/* see gallery_shortcode() in wp-includes\/media.php *\/\n\t\t<\/style>\n\t\t<div id='gallery-1' class='gallery galleryid-2438 gallery-columns-4 gallery-size-thumbnail'><dl class='gallery-item'>\n\t\t\t<dt class='gallery-icon landscape'>\n\t\t\t\t<a href='https:\/\/www.hczm.sk\/?attachment_id=2439'><img loading=\"lazy\" decoding=\"async\" width=\"150\" height=\"150\" src=\"https:\/\/www.hczm.sk\/wp-content\/uploads\/2012\/03\/IMAG0219-150x150.jpg\" class=\"attachment-thumbnail size-thumbnail\" alt=\"\" \/><\/a>\n\t\t\t<\/dt><\/dl><dl class='gallery-item'>\n\t\t\t<dt class='gallery-icon landscape'>\n\t\t\t\t<a href='https:\/\/www.hczm.sk\/?attachment_id=2440'><img loading=\"lazy\" decoding=\"async\" width=\"150\" height=\"150\" src=\"https:\/\/www.hczm.sk\/wp-content\/uploads\/2012\/03\/IMAG0220-150x150.jpg\" class=\"attachment-thumbnail size-thumbnail\" alt=\"\" \/><\/a>\n\t\t\t<\/dt><\/dl><dl class='gallery-item'>\n\t\t\t<dt class='gallery-icon landscape'>\n\t\t\t\t<a href='https:\/\/www.hczm.sk\/?attachment_id=2441'><img loading=\"lazy\" decoding=\"async\" width=\"150\" height=\"150\" src=\"https:\/\/www.hczm.sk\/wp-content\/uploads\/2012\/03\/IMAG0221-150x150.jpg\" class=\"attachment-thumbnail size-thumbnail\" alt=\"\" \/><\/a>\n\t\t\t<\/dt><\/dl><dl class='gallery-item'>\n\t\t\t<dt class='gallery-icon landscape'>\n\t\t\t\t<a href='https:\/\/www.hczm.sk\/?attachment_id=2442'><img loading=\"lazy\" decoding=\"async\" width=\"150\" height=\"150\" src=\"https:\/\/www.hczm.sk\/wp-content\/uploads\/2012\/03\/IMAG0222-150x150.jpg\" class=\"attachment-thumbnail size-thumbnail\" alt=\"\" \/><\/a>\n\t\t\t<\/dt><\/dl><br style=\"clear: both\" \/><dl class='gallery-item'>\n\t\t\t<dt class='gallery-icon landscape'>\n\t\t\t\t<a href='https:\/\/www.hczm.sk\/?attachment_id=2443'><img loading=\"lazy\" decoding=\"async\" width=\"150\" height=\"150\" src=\"https:\/\/www.hczm.sk\/wp-content\/uploads\/2012\/03\/IMAG0223-150x150.jpg\" class=\"attachment-thumbnail size-thumbnail\" alt=\"\" \/><\/a>\n\t\t\t<\/dt><\/dl><dl class='gallery-item'>\n\t\t\t<dt class='gallery-icon landscape'>\n\t\t\t\t<a href='https:\/\/www.hczm.sk\/?attachment_id=2444'><img loading=\"lazy\" decoding=\"async\" width=\"150\" height=\"150\" src=\"https:\/\/www.hczm.sk\/wp-content\/uploads\/2012\/03\/IMAG0224-150x150.jpg\" class=\"attachment-thumbnail size-thumbnail\" alt=\"\" \/><\/a>\n\t\t\t<\/dt><\/dl><dl class='gallery-item'>\n\t\t\t<dt class='gallery-icon landscape'>\n\t\t\t\t<a href='https:\/\/www.hczm.sk\/?attachment_id=2445'><img loading=\"lazy\" decoding=\"async\" width=\"150\" height=\"150\" src=\"https:\/\/www.hczm.sk\/wp-content\/uploads\/2012\/03\/IMAG0225-150x150.jpg\" class=\"attachment-thumbnail size-thumbnail\" alt=\"\" \/><\/a>\n\t\t\t<\/dt><\/dl><dl class='gallery-item'>\n\t\t\t<dt class='gallery-icon portrait'>\n\t\t\t\t<a href='https:\/\/www.hczm.sk\/?attachment_id=2446'><img loading=\"lazy\" decoding=\"async\" width=\"150\" height=\"150\" src=\"https:\/\/www.hczm.sk\/wp-content\/uploads\/2012\/03\/IMAG0226-150x150.jpg\" class=\"attachment-thumbnail size-thumbnail\" alt=\"\" \/><\/a>\n\t\t\t<\/dt><\/dl><br style=\"clear: both\" \/><dl class='gallery-item'>\n\t\t\t<dt class='gallery-icon portrait'>\n\t\t\t\t<a href='https:\/\/www.hczm.sk\/?attachment_id=2447'><img loading=\"lazy\" decoding=\"async\" width=\"150\" height=\"150\" src=\"https:\/\/www.hczm.sk\/wp-content\/uploads\/2012\/03\/IMAG0227-150x150.jpg\" class=\"attachment-thumbnail size-thumbnail\" alt=\"\" \/><\/a>\n\t\t\t<\/dt><\/dl>\n\t\t\t<br style='clear: both' \/>\n\t\t<\/div>\n<\/p>\n","protected":false},"excerpt":{"rendered":"<p>V nede\u013eu 18.03.2012 sa na\u0161i hr\u00e1\u010di tret\u00edch ro\u010dn\u00edkov a mlad\u0161\u00ed z\u00fa\u010dastnili turnaja v Leviciach. Odohrali 3 z\u00e1pasy, z \u010doho jeden vyhrali a dva prehrali. Kone\u010dn\u00e9 poradie: 1.HK Brezno 2.HK Levice 3. HC Zlat\u00e9 Moravce 4. Iskra Partiz\u00e1nske<\/p>\n","protected":false},"author":3,"featured_media":0,"parent":1202,"menu_order":9,"comment_status":"open","ping_status":"open","template":"","meta":{"footnotes":""},"class_list":["post-2438","page","type-page","status-publish","hentry"],"_links":{"self":[{"href":"https:\/\/www.hczm.sk\/index.php?rest_route=\/wp\/v2\/pages\/2438","targetHints":{"allow":["GET"]}}],"collection":[{"href":"https:\/\/www.hczm.sk\/index.php?rest_route=\/wp\/v2\/pages"}],"about":[{"href":"https:\/\/www.hczm.sk\/index.php?rest_route=\/wp\/v2\/types\/page"}],"author":[{"embeddable":true,"href":"https:\/\/www.hczm.sk\/index.php?rest_route=\/wp\/v2\/users\/3"}],"replies":[{"embeddable":true,"href":"https:\/\/www.hczm.sk\/index.php?rest_route=%2Fwp%2Fv2%2Fcomments&post=2438"}],"version-history":[{"count":3,"href":"https:\/\/www.hczm.sk\/index.php?rest_route=\/wp\/v2\/pages\/2438\/revisions"}],"predecessor-version":[{"id":2465,"href":"https:\/\/www.hczm.sk\/index.php?rest_route=\/wp\/v2\/pages\/2438\/revisions\/2465"}],"up":[{"embeddable":true,"href":"https:\/\/www.hczm.sk\/index.php?rest_route=\/wp\/v2\/pages\/1202"}],"wp:attachment":[{"href":"https:\/\/www.hczm.sk\/index.php?rest_route=%2Fwp%2Fv2%2Fmedia&parent=2438"}],"curies":[{"name":"wp","href":"https:\/\/api.w.org\/{rel}","templated":true}]}}