{"id":2880,"date":"2012-12-15T17:44:06","date_gmt":"2012-12-15T16:44:06","guid":{"rendered":"http:\/\/www.hczm.sk\/?page_id=2880"},"modified":"2013-02-24T18:46:36","modified_gmt":"2013-02-24T17:46:36","slug":"mhl","status":"publish","type":"page","link":"https:\/\/www.hczm.sk\/?page_id=2880","title":{"rendered":"MHL 2012-2013"},"content":{"rendered":"<p><a href=\"http:\/\/www.hczm.sk\/?page_id=2882\"><strong>15.12.2012 HC Dynamo 2:12 BONUSS Zlat\u00e9 Moravce<\/strong><\/a><\/p>\n<p><a href=\"http:\/\/www.hczm.sk\/?page_id=2967\"><strong>22.12.2012 HK 63 S\u013ea\u017eany 3:2 HK Medvede<\/strong><\/a><\/p>\n<p><strong><a href=\"http:\/\/www.hczm.sk\/?page_id=3015\">23.12.2012 HC Dynamo 2:15 Torp\u00e9da<\/a><\/strong><\/p>\n<p><a href=\"http:\/\/www.hczm.sk\/?page_id=3251\"><strong>30.12.2012 Sla\u017eany 13:2 Amat\u00e9ri<\/strong><\/a><\/p>\n<p><a href=\"http:\/\/www.hczm.sk\/?page_id=3375\"><strong>\u00a05.1.2013 HC ZM \u201cB\u201d 5:0 HC Dynamo<\/strong><\/a><\/p>\n<p><a href=\"http:\/\/www.hczm.sk\/?page_id=3407\"><strong>12.1.2013 HK Medvede 5:7 Torp\u00e9da<\/strong><\/a><\/p>\n<p><a href=\"http:\/\/www.hczm.sk\/?page_id=3472\"><strong>13.1.2013 Amat\u00e9ri 3:4 HC Dynamo<\/strong><\/a><\/p>\n<p><strong><a href=\"http:\/\/www.hczm.sk\/?page_id=3591\">24.2.2013 Vyhodnotenie MHL 2012-13\u00a0<\/a><\/strong><\/p>\n<p><strong>\u00a0<\/strong><\/p>\n<p>&nbsp;<\/p>\n<p>&nbsp;<\/p>\n<p>&nbsp;<\/p>\n","protected":false},"excerpt":{"rendered":"<p>15.12.2012 HC Dynamo 2:12 BONUSS Zlat\u00e9 Moravce 22.12.2012 HK 63 S\u013ea\u017eany 3:2 HK Medvede 23.12.2012 HC Dynamo 2:15 Torp\u00e9da 30.12.2012 Sla\u017eany 13:2 Amat\u00e9ri \u00a05.1.2013 HC ZM \u201cB\u201d 5:0 HC Dynamo 12.1.2013 HK Medvede 5:7 Torp\u00e9da 13.1.2013 Amat\u00e9ri 3:4 HC Dynamo &hellip; <a href=\"https:\/\/www.hczm.sk\/?page_id=2880\">Pokra\u010dova\u0165 v \u010d\u00edtan\u00ed <span class=\"meta-nav\">&rarr;<\/span><\/a><\/p>\n","protected":false},"author":1,"featured_media":0,"parent":2875,"menu_order":0,"comment_status":"closed","ping_status":"closed","template":"","meta":{"footnotes":""},"class_list":["post-2880","page","type-page","status-publish","hentry"],"_links":{"self":[{"href":"https:\/\/www.hczm.sk\/index.php?rest_route=\/wp\/v2\/pages\/2880","targetHints":{"allow":["GET"]}}],"collection":[{"href":"https:\/\/www.hczm.sk\/index.php?rest_route=\/wp\/v2\/pages"}],"about":[{"href":"https:\/\/www.hczm.sk\/index.php?rest_route=\/wp\/v2\/types\/page"}],"author":[{"embeddable":true,"href":"https:\/\/www.hczm.sk\/index.php?rest_route=\/wp\/v2\/users\/1"}],"replies":[{"embeddable":true,"href":"https:\/\/www.hczm.sk\/index.php?rest_route=%2Fwp%2Fv2%2Fcomments&post=2880"}],"version-history":[{"count":18,"href":"https:\/\/www.hczm.sk\/index.php?rest_route=\/wp\/v2\/pages\/2880\/revisions"}],"predecessor-version":[{"id":3070,"href":"https:\/\/www.hczm.sk\/index.php?rest_route=\/wp\/v2\/pages\/2880\/revisions\/3070"}],"up":[{"embeddable":true,"href":"https:\/\/www.hczm.sk\/index.php?rest_route=\/wp\/v2\/pages\/2875"}],"wp:attachment":[{"href":"https:\/\/www.hczm.sk\/index.php?rest_route=%2Fwp%2Fv2%2Fmedia&parent=2880"}],"curies":[{"name":"wp","href":"https:\/\/api.w.org\/{rel}","templated":true}]}}