{"id":3688,"date":"2013-03-03T09:35:21","date_gmt":"2013-03-03T08:35:21","guid":{"rendered":"http:\/\/www.hczm.sk\/?page_id=3688"},"modified":"2013-03-20T11:34:56","modified_gmt":"2013-03-20T10:34:56","slug":"pripravka","status":"publish","type":"page","link":"https:\/\/www.hczm.sk\/?page_id=3688","title":{"rendered":"PR\u00cdPRAVKA"},"content":{"rendered":"<p><a href=\"http:\/\/www.hczm.sk\/?page_id=3670\"><strong>U14 Diev\u010dat\u00e1<\/strong><\/a><\/p>\n<h1><a href=\"http:\/\/www.hczm.sk\/?page_id=3700http:\/\/\">TURNAJ PR\u00cdPRAVIEK ZM<\/a><\/h1>\n<p><strong><a href=\"http:\/\/www.hczm.sk\/?page_id=3866\">Pr\u00edpravka Sez\u00f3na 2012\/2013<\/a><\/strong><\/p>\n<p><a href=\"http:\/\/www.hczm.sk\/?page_id=3906\"><strong>Predpr\u00edpravka Sez\u00f3na 2012\/2013<\/strong><\/a><\/p>\n<p><a href=\"http:\/\/www.hczm.sk\/?page_id=3931\"><strong>Pred-Pr\u00edpravka Sez\u00f3na 2012\/2013 Ostatn\u00e9<\/strong><\/a><\/p>\n<p>&nbsp;<\/p>\n","protected":false},"excerpt":{"rendered":"<p>U14 Diev\u010dat\u00e1 TURNAJ PR\u00cdPRAVIEK ZM Pr\u00edpravka Sez\u00f3na 2012\/2013 Predpr\u00edpravka Sez\u00f3na 2012\/2013 Pred-Pr\u00edpravka Sez\u00f3na 2012\/2013 Ostatn\u00e9 &nbsp;<\/p>\n","protected":false},"author":3,"featured_media":0,"parent":2875,"menu_order":1,"comment_status":"open","ping_status":"closed","template":"","meta":{"footnotes":""},"class_list":["post-3688","page","type-page","status-publish","hentry"],"_links":{"self":[{"href":"https:\/\/www.hczm.sk\/index.php?rest_route=\/wp\/v2\/pages\/3688","targetHints":{"allow":["GET"]}}],"collection":[{"href":"https:\/\/www.hczm.sk\/index.php?rest_route=\/wp\/v2\/pages"}],"about":[{"href":"https:\/\/www.hczm.sk\/index.php?rest_route=\/wp\/v2\/types\/page"}],"author":[{"embeddable":true,"href":"https:\/\/www.hczm.sk\/index.php?rest_route=\/wp\/v2\/users\/3"}],"replies":[{"embeddable":true,"href":"https:\/\/www.hczm.sk\/index.php?rest_route=%2Fwp%2Fv2%2Fcomments&post=3688"}],"version-history":[{"count":9,"href":"https:\/\/www.hczm.sk\/index.php?rest_route=\/wp\/v2\/pages\/3688\/revisions"}],"predecessor-version":[{"id":3951,"href":"https:\/\/www.hczm.sk\/index.php?rest_route=\/wp\/v2\/pages\/3688\/revisions\/3951"}],"up":[{"embeddable":true,"href":"https:\/\/www.hczm.sk\/index.php?rest_route=\/wp\/v2\/pages\/2875"}],"wp:attachment":[{"href":"https:\/\/www.hczm.sk\/index.php?rest_route=%2Fwp%2Fv2%2Fmedia&parent=3688"}],"curies":[{"name":"wp","href":"https:\/\/api.w.org\/{rel}","templated":true}]}}