{"id":432,"date":"2011-11-30T22:54:43","date_gmt":"2011-11-30T21:54:43","guid":{"rendered":"http:\/\/www.hczm.sk\/?page_id=432"},"modified":"2024-01-22T20:42:21","modified_gmt":"2024-01-22T19:42:21","slug":"fotogaleria","status":"publish","type":"page","link":"https:\/\/www.hczm.sk\/?page_id=432","title":{"rendered":"Gal\u00e9ria"},"content":{"rendered":"<p><strong><a href=\"http:\/\/www.hczm.sk\/?page_id=2584\">SEZ\u00d3NA 2007-2008<\/a><\/strong><\/p>\n<p><a href=\"http:\/\/www.hczm.sk\/?page_id=2576\"><strong>SEZ\u00d3NA 2008-2009<\/strong><\/a><\/p>\n<p><strong><a href=\"http:\/\/www.hczm.sk\/?page_id=2568\">SEZ\u00d3NA 2009-2010<\/a><\/strong><\/p>\n<p><a href=\"http:\/\/www.hczm.sk\/?page_id=2557\"><strong>SEZ\u00d3NA 2010-2011<\/strong><\/a><\/p>\n<p><a href=\"http:\/\/www.hczm.sk\/?page_id=1192\"><span style=\"color: #800000;\"><strong>SEZ\u00d3NA 2011-2012<\/strong><\/span><\/a><\/p>\n<p><a href=\"http:\/\/www.hczm.sk\/?page_id=2875\"><strong>SEZ\u00d3NA 2012-2013<\/strong><\/a><\/p>\n<p>&nbsp;<\/p>\n<p>&nbsp;<\/p>\n<p>&nbsp;<\/p>\n","protected":false},"excerpt":{"rendered":"<p>SEZ\u00d3NA 2007-2008 SEZ\u00d3NA 2008-2009 SEZ\u00d3NA 2009-2010 SEZ\u00d3NA 2010-2011 SEZ\u00d3NA 2011-2012 SEZ\u00d3NA 2012-2013 &nbsp; &nbsp; &nbsp;<\/p>\n","protected":false},"author":2,"featured_media":0,"parent":0,"menu_order":6,"comment_status":"open","ping_status":"closed","template":"","meta":{"footnotes":""},"class_list":["post-432","page","type-page","status-publish","hentry"],"_links":{"self":[{"href":"https:\/\/www.hczm.sk\/index.php?rest_route=\/wp\/v2\/pages\/432","targetHints":{"allow":["GET"]}}],"collection":[{"href":"https:\/\/www.hczm.sk\/index.php?rest_route=\/wp\/v2\/pages"}],"about":[{"href":"https:\/\/www.hczm.sk\/index.php?rest_route=\/wp\/v2\/types\/page"}],"author":[{"embeddable":true,"href":"https:\/\/www.hczm.sk\/index.php?rest_route=\/wp\/v2\/users\/2"}],"replies":[{"embeddable":true,"href":"https:\/\/www.hczm.sk\/index.php?rest_route=%2Fwp%2Fv2%2Fcomments&post=432"}],"version-history":[{"count":62,"href":"https:\/\/www.hczm.sk\/index.php?rest_route=\/wp\/v2\/pages\/432\/revisions"}],"predecessor-version":[{"id":10230,"href":"https:\/\/www.hczm.sk\/index.php?rest_route=\/wp\/v2\/pages\/432\/revisions\/10230"}],"wp:attachment":[{"href":"https:\/\/www.hczm.sk\/index.php?rest_route=%2Fwp%2Fv2%2Fmedia&parent=432"}],"curies":[{"name":"wp","href":"https:\/\/api.w.org\/{rel}","templated":true}]}}